{"id":47,"date":"2017-08-26T18:19:13","date_gmt":"2017-08-26T18:19:13","guid":{"rendered":"http:\/\/ars-ej.pl\/?page_id=47"},"modified":"2019-09-30T13:23:38","modified_gmt":"2019-09-30T13:23:38","slug":"foto","status":"publish","type":"page","link":"https:\/\/ars-ej.pl\/index.php\/foto\/","title":{"rendered":"Fotodruk"},"content":{"rendered":"<h2><strong><span style=\"color: #6e4a08;\">Wydrukuj wspomnienia<\/span><\/strong><\/h2>\n<p style=\"text-align: center;\">Doskona\u0142ym sposobem na uwiecznienie pi\u0119knych chwil, przywr\u00f3cenie wspomnie\u0144 jest <strong><em>fotoalbum<\/em><\/strong>. Proponujemy Pa\u0144stwu wykonanie fotoalbumu klasy <em>&#8222;Premium HD&#8221;<\/em>, dowolnego formatu, z dowoln\u0105 ilo\u015bci\u0105 stron, z indywidualnie zaprojektowanymi ok\u0142adkami, zdj\u0119ciami o powierzchni dw\u00f3ch s\u0105siaduj\u0105cych stron. Mog\u0105 Pa\u0144stwo zdj\u0119cia dostosowa\u0107 do okoliczno\u015bci np: wakacyjne podr\u00f3\u017ce, urodziny, rocznice \u015blubu, Dzie\u0144 Mamy, Dzie\u0144 Babci, Walentynki czy \u015bwi\u0105teczne prezenty. Ca\u0142y proces przygotowania i wykonania fotoalbumu odbywa si\u0119 w naszej firmie, od projektu do wykonania oprawy &#8211; mo\u017cemy tworzy\u0107 go wsp\u00f3lnie.<\/p>\n<p><img loading=\"lazy\" class=\"wp-image-214 size-full aligncenter\" src=\"http:\/\/ars-ej.pl\/wp-content\/uploads\/2017\/08\/alb1.png\" alt=\"\" width=\"800\" height=\"527\" srcset=\"https:\/\/ars-ej.pl\/wp-content\/uploads\/2017\/08\/alb1.png 800w, https:\/\/ars-ej.pl\/wp-content\/uploads\/2017\/08\/alb1-300x198.png 300w, https:\/\/ars-ej.pl\/wp-content\/uploads\/2017\/08\/alb1-768x506.png 768w\" sizes=\"(max-width: 800px) 100vw, 800px\" \/><img loading=\"lazy\" class=\"wp-image-215 size-full aligncenter\" src=\"http:\/\/ars-ej.pl\/wp-content\/uploads\/2017\/08\/alb2.png\" alt=\"\" width=\"800\" height=\"536\" srcset=\"https:\/\/ars-ej.pl\/wp-content\/uploads\/2017\/08\/alb2.png 800w, https:\/\/ars-ej.pl\/wp-content\/uploads\/2017\/08\/alb2-300x201.png 300w, https:\/\/ars-ej.pl\/wp-content\/uploads\/2017\/08\/alb2-768x515.png 768w\" sizes=\"(max-width: 800px) 100vw, 800px\" \/> <img loading=\"lazy\" class=\"wp-image-216 size-full aligncenter\" src=\"http:\/\/ars-ej.pl\/wp-content\/uploads\/2017\/08\/alb3.png\" alt=\"\" width=\"800\" height=\"536\" srcset=\"https:\/\/ars-ej.pl\/wp-content\/uploads\/2017\/08\/alb3.png 800w, https:\/\/ars-ej.pl\/wp-content\/uploads\/2017\/08\/alb3-300x201.png 300w, https:\/\/ars-ej.pl\/wp-content\/uploads\/2017\/08\/alb3-768x515.png 768w\" sizes=\"(max-width: 800px) 100vw, 800px\" \/><\/p>\n<p style=\"text-align: center;\">Inn\u0105 propozycj\u0105 jest okoliczno\u015bciowy <strong><em>fotokalendarz<\/em> <\/strong>w kt\u00f3rym wybrane przez Pa\u0144stwa zdj\u0119cia i daty widniej\u0105 na poszczeg\u00f3lnych stronach.<\/p>\n<hr \/>\n<h2>Laboratorium fotograficzne<\/h2>\n<h2><strong><span style=\"color: #6e4a08;\">Cyfrowa obr\u00f3bka zdj\u0119\u0107.<\/span><\/strong><\/h2>\n<p style=\"text-align: center;\">W ofercie szeroko poj\u0119t\u0105 obr\u00f3bk\u0119 fotografii, retusz i modyfikacj\u0119 zdj\u0119\u0107. Wi\u0119kszo\u015b\u0107 zdj\u0119\u0107 wymaga poprawienia parametr\u00f3w og\u00f3lnych takich jak korekta kolor\u00f3w, poprawa kontrastu, balansu jasno\u015bci, korekta ostro\u015bci, wyg\u0142adzanie zagniece\u0144, usuwanie skaz, poprawa &#8222;czerwonych oczu&#8221;, wymazywanie niechcianych element\u00f3w i os\u00f3b, niezauwa\u017calne zast\u0119powanie niepotrzebnych obiekt\u00f3w na zdj\u0119ciu, itp&#8230;<\/p>\n<p style=\"text-align: center;\">Specjalizujemy si\u0119 w renowacji i obr\u00f3bce starych zdj\u0119\u0107 rodzinnych. Skanujemy dost\u0119pne negatywy b\u0105d\u017a same fotografie i doprowadzamy je do optymalnego stanu (zanim powsta\u0142y zniszczenia)<\/p>\n<p>Oferujemy tak\u017ce fotomonta\u017ce i tworzenie kola\u017cy zdj\u0119\u0107 &#8211; z atrakcyjnymi efektami fotograficznymi przenikania i nak\u0142adania si\u0119 na siebie r\u00f3\u017cnych zdj\u0119\u0107.<\/p>\n<hr \/>\n<p>Proponujemy wydruk zdj\u0119\u0107 w dowolnym formacie (w\u0119\u017cszy bok 0,32 m) na specjalistycznej drukarce fotograficznej z u\u017cyciem najwy\u017cszej jako\u015bci papier\u00f3w foto.<\/p>\n<p style=\"text-align: center;\"><span style=\"color: #ffff00;\">Przy druku obr\u00f3bka cyfrowa zdj\u0119\u0107 gratis<\/span><\/p>\n","protected":false},"excerpt":{"rendered":"<p>Wydrukuj wspomnienia Doskona\u0142ym sposobem na uwiecznienie pi\u0119knych chwil, przywr\u00f3cenie wspomnie\u0144 jest fotoalbum. Proponujemy Pa\u0144stwu wykonanie fotoalbumu klasy &#8222;Premium HD&#8221;, dowolnego formatu, z dowoln\u0105 ilo\u015bci\u0105 stron, z indywidualnie zaprojektowanymi ok\u0142adkami, zdj\u0119ciami o powierzchni dw\u00f3ch s\u0105siaduj\u0105cych stron. Mog\u0105 Pa\u0144stwo zdj\u0119cia dostosowa\u0107 do okoliczno\u015bci np: wakacyjne podr\u00f3\u017ce, urodziny, rocznice \u015blubu, Dzie\u0144 Mamy, Dzie\u0144 Babci, Walentynki czy \u015bwi\u0105teczne prezenty. &hellip;<\/p>\n<p class=\"read-more\"> <a class=\"\" href=\"https:\/\/ars-ej.pl\/index.php\/foto\/\"> <span class=\"screen-reader-text\">Fotodruk<\/span> Read More &raquo;<\/a><\/p>\n","protected":false},"author":1,"featured_media":183,"parent":0,"menu_order":0,"comment_status":"closed","ping_status":"closed","template":"","meta":{"site-sidebar-layout":"default","site-content-layout":"default","ast-global-header-display":"","ast-main-header-display":"","ast-hfb-above-header-display":"","ast-hfb-below-header-display":"","ast-hfb-mobile-header-display":"","site-post-title":"","ast-breadcrumbs-content":"","ast-featured-img":"","footer-sml-layout":"","theme-transparent-header-meta":"","adv-header-id-meta":"","stick-header-meta":"","header-above-stick-meta":"","header-main-stick-meta":"","header-below-stick-meta":""},"_links":{"self":[{"href":"https:\/\/ars-ej.pl\/index.php\/wp-json\/wp\/v2\/pages\/47"}],"collection":[{"href":"https:\/\/ars-ej.pl\/index.php\/wp-json\/wp\/v2\/pages"}],"about":[{"href":"https:\/\/ars-ej.pl\/index.php\/wp-json\/wp\/v2\/types\/page"}],"author":[{"embeddable":true,"href":"https:\/\/ars-ej.pl\/index.php\/wp-json\/wp\/v2\/users\/1"}],"replies":[{"embeddable":true,"href":"https:\/\/ars-ej.pl\/index.php\/wp-json\/wp\/v2\/comments?post=47"}],"version-history":[{"count":12,"href":"https:\/\/ars-ej.pl\/index.php\/wp-json\/wp\/v2\/pages\/47\/revisions"}],"predecessor-version":[{"id":224,"href":"https:\/\/ars-ej.pl\/index.php\/wp-json\/wp\/v2\/pages\/47\/revisions\/224"}],"wp:featuredmedia":[{"embeddable":true,"href":"https:\/\/ars-ej.pl\/index.php\/wp-json\/wp\/v2\/media\/183"}],"wp:attachment":[{"href":"https:\/\/ars-ej.pl\/index.php\/wp-json\/wp\/v2\/media?parent=47"}],"curies":[{"name":"wp","href":"https:\/\/api.w.org\/{rel}","templated":true}]}}