{"id":31,"date":"2017-08-25T05:54:55","date_gmt":"2017-08-25T05:54:55","guid":{"rendered":"http:\/\/ars-ej.pl\/?page_id=31"},"modified":"2020-05-22T06:53:16","modified_gmt":"2020-05-22T06:53:16","slug":"reklama","status":"publish","type":"page","link":"https:\/\/ars-ej.pl\/index.php\/reklama\/","title":{"rendered":"Reklama"},"content":{"rendered":"<h2 style=\"text-align: center;\"><span style=\"color: #6e4a08;\"><em><strong>Outdoor, czyli reklama zewn\u0119trzna (OOH \u2013 out-of-home),<\/strong><\/em><\/span><\/h2>\n<h3 style=\"text-align: center;\"><em><br \/>\n<\/em><em> to najstarsza <\/em><em>i najpopularniejsza forma promocji, bazuj\u0105ca na wizualnej prezentacji tre\u015bci. Proces podzia\u0142u, a co za tym nast\u0119puje &#8211; zaw\u0119\u017cenie tematyczne medi\u00f3w elektronicznych i drukowanych powoduje, \u017ce reklama zewn\u0119trzna pozostaje ostatnim medium<br \/>\no masowym zasi\u0119gu oddzia\u0142ywania. Odbiornik telewizyjny mo\u017cna wy\u0142\u0105czy\u0107, gazet\u0119 wyrzuci\u0107, ale trudno porusza\u0107 si\u0119 po ulicy z zamkni\u0119tymi oczami. Przekazy p\u0142yn\u0105ce z reklamy zewn\u0119trznej s\u0105 odbierane niezale\u017cnie od woli odbiorcy. Dzi\u0119ki wysokiej cz\u0119stotliwo\u015bci kontaktu wynikaj\u0105cej z faktu, i\u017c ludzie poruszaj\u0105c si\u0119 wielokrotnie po tych samych trasach w ci\u0105gu tygodnia, czy nawet jednego dnia maj\u0105 kontakt z t\u0105 reklamy, <\/em><em>z \u0142atwo\u015bci\u0105 zapami\u0119tuj\u0105 przekaz. To wszystko sprawia, \u017ce reklama tego typu cechuje si\u0119 wysok\u0105 skuteczno\u015bci\u0105 przy wzgl\u0119dnie niewielkim nak\u0142adzie finansowym koniecznym do jej zrealizowania.<\/em><\/h3>\n<hr \/>\n<p><strong>Oferujemy wykonanie reklamy zewn\u0119trznej:<\/strong><\/p>\n<ul>\n<li style=\"text-align: left;\">w oparciu o podk\u0142ad z blachy, tworzywa sztucznego (tak\u017ce pod\u015bwietlanych), czy te\u017c banery reklamowe,<\/li>\n<li style=\"text-align: left;\">na drzwiach i szybach okiennych zajmowanego lokalu,<\/li>\n<li style=\"text-align: left;\">na karoserii samochodu firmowego,<\/li>\n<\/ul>\n<p><strong>Ponadto wykonujemy:<\/strong><\/p>\n<p>szyldy,<br \/>\ntablice informacyjne,<br \/>\npotykacze,<\/p>\n<hr \/>\n<p style=\"text-align: left;\"><span style=\"color: #ffff00;\">mo\u017cliwo\u015b\u0107 wykonania stela\u017cy i konstrukcji<\/span><\/p>\n<hr \/>\n<h2 style=\"text-align: left;\"><span style=\"color: #6e4a00;\"><strong>\u00a0Wydawnictwo Biuletynu Informacyjno Reklamowego<\/strong><\/span><\/h2>\n","protected":false},"excerpt":{"rendered":"<p>Outdoor, czyli reklama zewn\u0119trzna (OOH \u2013 out-of-home), to najstarsza i najpopularniejsza forma promocji, bazuj\u0105ca na wizualnej prezentacji tre\u015bci. Proces podzia\u0142u, a co za tym nast\u0119puje &#8211; zaw\u0119\u017cenie tematyczne medi\u00f3w elektronicznych i drukowanych powoduje, \u017ce reklama zewn\u0119trzna pozostaje ostatnim medium o masowym zasi\u0119gu oddzia\u0142ywania. Odbiornik telewizyjny mo\u017cna wy\u0142\u0105czy\u0107, gazet\u0119 wyrzuci\u0107, ale trudno porusza\u0107 si\u0119 po ulicy &hellip;<\/p>\n<p class=\"read-more\"> <a class=\"\" href=\"https:\/\/ars-ej.pl\/index.php\/reklama\/\"> <span class=\"screen-reader-text\">Reklama<\/span> Read More &raquo;<\/a><\/p>\n","protected":false},"author":1,"featured_media":170,"parent":0,"menu_order":0,"comment_status":"closed","ping_status":"closed","template":"","meta":{"site-sidebar-layout":"default","site-content-layout":"default","ast-global-header-display":"","ast-main-header-display":"","ast-hfb-above-header-display":"","ast-hfb-below-header-display":"","ast-hfb-mobile-header-display":"","site-post-title":"","ast-breadcrumbs-content":"","ast-featured-img":"","footer-sml-layout":"","theme-transparent-header-meta":"","adv-header-id-meta":"","stick-header-meta":"","header-above-stick-meta":"","header-main-stick-meta":"","header-below-stick-meta":""},"_links":{"self":[{"href":"https:\/\/ars-ej.pl\/index.php\/wp-json\/wp\/v2\/pages\/31"}],"collection":[{"href":"https:\/\/ars-ej.pl\/index.php\/wp-json\/wp\/v2\/pages"}],"about":[{"href":"https:\/\/ars-ej.pl\/index.php\/wp-json\/wp\/v2\/types\/page"}],"author":[{"embeddable":true,"href":"https:\/\/ars-ej.pl\/index.php\/wp-json\/wp\/v2\/users\/1"}],"replies":[{"embeddable":true,"href":"https:\/\/ars-ej.pl\/index.php\/wp-json\/wp\/v2\/comments?post=31"}],"version-history":[{"count":9,"href":"https:\/\/ars-ej.pl\/index.php\/wp-json\/wp\/v2\/pages\/31\/revisions"}],"predecessor-version":[{"id":199,"href":"https:\/\/ars-ej.pl\/index.php\/wp-json\/wp\/v2\/pages\/31\/revisions\/199"}],"wp:featuredmedia":[{"embeddable":true,"href":"https:\/\/ars-ej.pl\/index.php\/wp-json\/wp\/v2\/media\/170"}],"wp:attachment":[{"href":"https:\/\/ars-ej.pl\/index.php\/wp-json\/wp\/v2\/media?parent=31"}],"curies":[{"name":"wp","href":"https:\/\/api.w.org\/{rel}","templated":true}]}}