{"id":28,"date":"2017-08-25T05:50:33","date_gmt":"2017-08-25T05:50:33","guid":{"rendered":"http:\/\/ars-ej.pl\/?page_id=28"},"modified":"2020-09-27T12:40:14","modified_gmt":"2020-09-27T12:40:14","slug":"druk","status":"publish","type":"page","link":"https:\/\/ars-ej.pl\/index.php\/druk\/","title":{"rendered":"Druk"},"content":{"rendered":"<h1 style=\"text-align: center;\"><strong><span style=\"color: #6e4a08;\"><em>Drukiem zajmujemy si\u0119 od 1991 roku.<\/em><\/span><\/strong><\/h1>\n<h3 style=\"text-align: center;\"><em>Zdobyte do\u015bwiadczenie pozwala nam na indywidualne, najbardziej optymalne cenowo i jako\u015bciowo, podej\u015bcie do ka\u017cdego zlecenia. Us\u0142uga w ca\u0142o\u015bci, od projektu do wydruku, wykonywana jest na miejscu, bez korzystania z us\u0142ug firm trzecich.<\/em><\/h3>\n<h3 style=\"text-align: center;\"><span style=\"color: #ff6600;\">Projekt graficzny w cenie zleconej us\u0142ugi.<\/span><\/h3>\n<p>Realizujemy\u00a0 zlecenia druku od pojedynczych egzemplarzy w technologii cyfrowej (ksero, wydruki z pliku), do\u00a0 nak\u0142ad\u00f3w poligraficznych jako druk na maszynie offsetowej.<\/p>\n<p style=\"padding-left: 30px;\">W ofercie mi\u0119dzy innymi:<\/p>\n<ul>\n<li>wizyt\u00f3wki<\/li>\n<li>ulotki<\/li>\n<li>foldery<\/li>\n<li>akcydensy<\/li>\n<li>koperty<\/li>\n<li>papier firmowy<\/li>\n<li>&#8230;<\/li>\n<\/ul>\n","protected":false},"excerpt":{"rendered":"<p>Drukiem zajmujemy si\u0119 od 1991 roku. Zdobyte do\u015bwiadczenie pozwala nam na indywidualne, najbardziej optymalne cenowo i jako\u015bciowo, podej\u015bcie do ka\u017cdego zlecenia. Us\u0142uga w ca\u0142o\u015bci, od projektu do wydruku, wykonywana jest na miejscu, bez korzystania z us\u0142ug firm trzecich. Projekt graficzny w cenie zleconej us\u0142ugi. Realizujemy\u00a0 zlecenia druku od pojedynczych egzemplarzy w technologii cyfrowej (ksero, wydruki &hellip;<\/p>\n<p class=\"read-more\"> <a class=\"\" href=\"https:\/\/ars-ej.pl\/index.php\/druk\/\"> <span class=\"screen-reader-text\">Druk<\/span> Read More &raquo;<\/a><\/p>\n","protected":false},"author":1,"featured_media":171,"parent":0,"menu_order":0,"comment_status":"closed","ping_status":"closed","template":"","meta":{"site-sidebar-layout":"default","site-content-layout":"default","ast-global-header-display":"","ast-main-header-display":"","ast-hfb-above-header-display":"","ast-hfb-below-header-display":"","ast-hfb-mobile-header-display":"","site-post-title":"","ast-breadcrumbs-content":"","ast-featured-img":"","footer-sml-layout":"","theme-transparent-header-meta":"","adv-header-id-meta":"","stick-header-meta":"","header-above-stick-meta":"","header-main-stick-meta":"","header-below-stick-meta":""},"_links":{"self":[{"href":"https:\/\/ars-ej.pl\/index.php\/wp-json\/wp\/v2\/pages\/28"}],"collection":[{"href":"https:\/\/ars-ej.pl\/index.php\/wp-json\/wp\/v2\/pages"}],"about":[{"href":"https:\/\/ars-ej.pl\/index.php\/wp-json\/wp\/v2\/types\/page"}],"author":[{"embeddable":true,"href":"https:\/\/ars-ej.pl\/index.php\/wp-json\/wp\/v2\/users\/1"}],"replies":[{"embeddable":true,"href":"https:\/\/ars-ej.pl\/index.php\/wp-json\/wp\/v2\/comments?post=28"}],"version-history":[{"count":14,"href":"https:\/\/ars-ej.pl\/index.php\/wp-json\/wp\/v2\/pages\/28\/revisions"}],"predecessor-version":[{"id":410,"href":"https:\/\/ars-ej.pl\/index.php\/wp-json\/wp\/v2\/pages\/28\/revisions\/410"}],"wp:featuredmedia":[{"embeddable":true,"href":"https:\/\/ars-ej.pl\/index.php\/wp-json\/wp\/v2\/media\/171"}],"wp:attachment":[{"href":"https:\/\/ars-ej.pl\/index.php\/wp-json\/wp\/v2\/media?parent=28"}],"curies":[{"name":"wp","href":"https:\/\/api.w.org\/{rel}","templated":true}]}}