{"id":242,"date":"2019-09-30T17:52:47","date_gmt":"2019-09-30T17:52:47","guid":{"rendered":"http:\/\/ars-ej.pl\/?page_id=242"},"modified":"2021-04-14T13:40:50","modified_gmt":"2021-04-14T13:40:50","slug":"galanteria-drewniana","status":"publish","type":"page","link":"https:\/\/ars-ej.pl\/index.php\/galanteria-drewniana\/","title":{"rendered":"Galanteria drewniana"},"content":{"rendered":"<p style=\"text-align: center;\"><strong><em>Na przestrzeni wiek\u00f3w \u017caden inny surowiec nie zyskiwa\u0142 tak wiele na znaczeniu jak drewno. Towarzyszy ono cz\u0142owiekowi od zawsze: puszcze dostarcza\u0142y opa\u0142u, surowca do wyrobu pierwszych przedmiot\u00f3w u\u017cytkowych, narz\u0119dzi, broni. By\u0142o te\u017c ono jednym z pierwszych materia\u0142\u00f3w, z kt\u00f3rych powstawa\u0142y dzie\u0142a prymitywnej, a potem coraz doskonalszej sztuki.<\/em><\/strong><\/p>\n<p style=\"text-align: right;\">Galanteria drewniana to przedmioty codziennego u\u017cytku, ale r\u00f3wnie\u017c drewniane artyku\u0142y reklamowe, gad\u017cety i drobiazgi dekoracyjne nawi\u0105zuj\u0105ce do wydarze\u0144, w kt\u00f3rym uczestniczyli\u015bmy. Jest niezb\u0119dnym elementem modnego dzi\u015b \u017cycia w stylu eko, w harmonii z natur\u0105 i w zdrowiu.<\/p>\n<p>Oferujemy wyroby z drewna charakteryzuj\u0105ce si\u0119 najwy\u017csz\u0105 jako\u015bci\u0105 wykonania zgodne z Pa\u0144stwa projektami b\u0105d\u017a pomys\u0142ami. Ka\u017cdy artyku\u0142 mo\u017ce by\u0107 oznaczony logotypem Pa\u0144stwa firmy, staj\u0105c si\u0119 nietuzinkowym i ekskluzywnym pomys\u0142em na upominek.<\/p>\n<hr \/>\n<h1 style=\"text-align: center;\"><strong><span style=\"color: #ff9900;\"><em>Zrealizowane projekty.<\/em><\/span><\/strong><\/h1>\n<p>\u00a0<\/p>\n<p>Niepowtarzalne szkatu\u0142ki wykonane z jednego kawa\u0142ka drewna.<br \/>W tym przypadku orzech w\u0142oski.<\/p>\n<p><img loading=\"lazy\" class=\"zoooom aligncenter wp-image-298 \" src=\"http:\/\/ars-ej.pl\/wp-content\/uploads\/2019\/09\/pudelka50.png\" alt=\"\" width=\"2012\" height=\"1509\" srcset=\"https:\/\/ars-ej.pl\/wp-content\/uploads\/2019\/09\/pudelka50.png 2012w, https:\/\/ars-ej.pl\/wp-content\/uploads\/2019\/09\/pudelka50-300x225.png 300w, https:\/\/ars-ej.pl\/wp-content\/uploads\/2019\/09\/pudelka50-768x576.png 768w, https:\/\/ars-ej.pl\/wp-content\/uploads\/2019\/09\/pudelka50-1024x768.png 1024w\" sizes=\"(max-width: 2012px) 100vw, 2012px\" \/><\/p>\n<p>\u00a0<\/p>\n<p>Patera (misa) np. na owoce. I powt\u00f3rnie w roli g\u0142\u00f3wnej orzech (jeden blok).<\/p>\n<p><img loading=\"lazy\" class=\"zoooom aligncenter wp-image-304 \" src=\"http:\/\/ars-ej.pl\/wp-content\/uploads\/2019\/09\/misa.png\" alt=\"\" width=\"2000\" height=\"1050\" srcset=\"https:\/\/ars-ej.pl\/wp-content\/uploads\/2019\/09\/misa.png 2000w, https:\/\/ars-ej.pl\/wp-content\/uploads\/2019\/09\/misa-300x158.png 300w, https:\/\/ars-ej.pl\/wp-content\/uploads\/2019\/09\/misa-768x403.png 768w, https:\/\/ars-ej.pl\/wp-content\/uploads\/2019\/09\/misa-1024x538.png 1024w\" sizes=\"(max-width: 2000px) 100vw, 2000px\" \/><\/p>\n<p>\u00a0<\/p>\n<p><em>&#8222;Co\u015b&#8221;<\/em> gdzie od\u0142o\u017cymy, wyeksponujemy inne &#8222;co\u015b&#8221;. D\u0105b.<img loading=\"lazy\" class=\"zoooom alignleft wp-image-310\" src=\"http:\/\/ars-ej.pl\/wp-content\/uploads\/2019\/09\/trojkat1.png\" alt=\"\" width=\"369\" height=\"179\" srcset=\"https:\/\/ars-ej.pl\/wp-content\/uploads\/2019\/09\/trojkat1.png 1500w, https:\/\/ars-ej.pl\/wp-content\/uploads\/2019\/09\/trojkat1-300x146.png 300w, https:\/\/ars-ej.pl\/wp-content\/uploads\/2019\/09\/trojkat1-768x373.png 768w, https:\/\/ars-ej.pl\/wp-content\/uploads\/2019\/09\/trojkat1-1024x497.png 1024w\" sizes=\"(max-width: 369px) 100vw, 369px\" \/><\/p>\n<p>\u00a0<\/p>\n<p><img loading=\"lazy\" class=\"zoooom wp-image-311 alignright\" src=\"http:\/\/ars-ej.pl\/wp-content\/uploads\/2019\/09\/trojkat3.png\" alt=\"\" width=\"354\" height=\"246\" srcset=\"https:\/\/ars-ej.pl\/wp-content\/uploads\/2019\/09\/trojkat3.png 1500w, https:\/\/ars-ej.pl\/wp-content\/uploads\/2019\/09\/trojkat3-300x209.png 300w, https:\/\/ars-ej.pl\/wp-content\/uploads\/2019\/09\/trojkat3-768x535.png 768w, https:\/\/ars-ej.pl\/wp-content\/uploads\/2019\/09\/trojkat3-1024x713.png 1024w\" sizes=\"(max-width: 354px) 100vw, 354px\" \/><\/p>\n<p>\u00a0<\/p>\n<p>\u00a0<\/p>\n<p>\u00a0<\/p>\n<p>\u00a0<\/p>\n<p>\u00a0<\/p>\n<p>\u00a0<\/p>\n<p>\u00a0<\/p>\n<p>\u00a0<\/p>\n<p>\u00a0<\/p>\n<p>\u00a0<\/p>\n<p>Blok (deska) kuchenny. Doskona\u0142y w funkcji dekoracyjnej kuchni, jak te\u017c w roli praktycznego stosowania , bardzo trwa\u0142y podk\u0142ad przy krojeniu, b\u0105d\u017a do serwowania da\u0144 gor\u0105cych.<\/p>\n<p>\u00a0<\/p>\n<p>Materia\u0142: d\u0105b<\/p>\n<p><img loading=\"lazy\" class=\"zoooom aligncenter wp-image-357 size-full\" src=\"http:\/\/ars-ej.pl\/wp-content\/uploads\/2019\/09\/blok.png\" alt=\"\" width=\"1260\" height=\"1000\" srcset=\"https:\/\/ars-ej.pl\/wp-content\/uploads\/2019\/09\/blok.png 1260w, https:\/\/ars-ej.pl\/wp-content\/uploads\/2019\/09\/blok-300x238.png 300w, https:\/\/ars-ej.pl\/wp-content\/uploads\/2019\/09\/blok-768x610.png 768w, https:\/\/ars-ej.pl\/wp-content\/uploads\/2019\/09\/blok-1024x813.png 1024w\" sizes=\"(max-width: 1260px) 100vw, 1260px\" \/><\/p>\n<p style=\"text-align: right;\">Materia\u0142: d\u0105b i jesion<\/p>\n<p><img loading=\"lazy\" class=\"zoooom alignnone wp-image-353\" src=\"http:\/\/ars-ej.pl\/wp-content\/uploads\/2019\/09\/blok11.png\" alt=\"\" width=\"692\" height=\"469\" \/><\/p>\n<p>\u00a0<\/p>\n<p>Tace do ekspozycji np. owoc\u00f3w, ale te\u017c mog\u0105 s\u0142u\u017cy\u0107 do serwowania potraw.<\/p>\n<p>\u00a0<\/p>\n<p>Materia\u0142: olcha<\/p>\n<p><img loading=\"lazy\" class=\"zoooom  aligncenter wp-image-360\" src=\"http:\/\/ars-ej.pl\/wp-content\/uploads\/2019\/09\/misa22.png\" alt=\"\" width=\"667\" height=\"195\" srcset=\"https:\/\/ars-ej.pl\/wp-content\/uploads\/2019\/09\/misa22.png 1500w, https:\/\/ars-ej.pl\/wp-content\/uploads\/2019\/09\/misa22-300x88.png 300w, https:\/\/ars-ej.pl\/wp-content\/uploads\/2019\/09\/misa22-768x225.png 768w, https:\/\/ars-ej.pl\/wp-content\/uploads\/2019\/09\/misa22-1024x300.png 1024w\" sizes=\"(max-width: 667px) 100vw, 667px\" \/><\/p>\n<p>\u00a0<\/p>\n<p style=\"text-align: right;\">Materia\u0142: brzoza<\/p>\n<p><img loading=\"lazy\" class=\"zoooom alignright wp-image-362 size-full\" src=\"http:\/\/ars-ej.pl\/wp-content\/uploads\/2019\/09\/taca00.png\" alt=\"\" width=\"1500\" height=\"498\" srcset=\"https:\/\/ars-ej.pl\/wp-content\/uploads\/2019\/09\/taca00.png 1500w, https:\/\/ars-ej.pl\/wp-content\/uploads\/2019\/09\/taca00-300x100.png 300w, https:\/\/ars-ej.pl\/wp-content\/uploads\/2019\/09\/taca00-768x255.png 768w, https:\/\/ars-ej.pl\/wp-content\/uploads\/2019\/09\/taca00-1024x340.png 1024w\" sizes=\"(max-width: 1500px) 100vw, 1500px\" \/><\/p>\n<p>\u00a0<\/p>\n<p>Ozdobne, delikatne naczynie z drewna jab\u0142oni.<\/p>\n<p>kolor naturalny.<\/p>\n<p>\u00a0<\/p>\n<p><img loading=\"lazy\" class=\"zoooom aligncenter wp-image-379 size-full\" src=\"http:\/\/ars-ej.pl\/wp-content\/uploads\/2020\/05\/misa44.png\" alt=\"\" width=\"900\" height=\"173\" srcset=\"https:\/\/ars-ej.pl\/wp-content\/uploads\/2020\/05\/misa44.png 900w, https:\/\/ars-ej.pl\/wp-content\/uploads\/2020\/05\/misa44-300x58.png 300w, https:\/\/ars-ej.pl\/wp-content\/uploads\/2020\/05\/misa44-768x148.png 768w\" sizes=\"(max-width: 900px) 100vw, 900px\" \/><\/p>\n<p>\u00a0<\/p>\n<p><img loading=\"lazy\" class=\"zoooom aligncenter wp-image-377\" src=\"http:\/\/ars-ej.pl\/wp-content\/uploads\/2020\/05\/misa4.png\" alt=\"\" width=\"624\" height=\"276\" srcset=\"https:\/\/ars-ej.pl\/wp-content\/uploads\/2020\/05\/misa4.png 900w, https:\/\/ars-ej.pl\/wp-content\/uploads\/2020\/05\/misa4-300x133.png 300w, https:\/\/ars-ej.pl\/wp-content\/uploads\/2020\/05\/misa4-768x340.png 768w\" sizes=\"(max-width: 624px) 100vw, 624px\" \/><\/p>\n<p>\u00a0<\/p>\n<p>z u\u017cyciem bejcy<\/p>\n<p>\u00a0<\/p>\n<p><img loading=\"lazy\" class=\"zoooom aligncenter wp-image-381 size-full\" src=\"http:\/\/ars-ej.pl\/wp-content\/uploads\/2020\/05\/misa3.png\" alt=\"\" width=\"900\" height=\"195\" srcset=\"https:\/\/ars-ej.pl\/wp-content\/uploads\/2020\/05\/misa3.png 900w, https:\/\/ars-ej.pl\/wp-content\/uploads\/2020\/05\/misa3-300x65.png 300w, https:\/\/ars-ej.pl\/wp-content\/uploads\/2020\/05\/misa3-768x166.png 768w\" sizes=\"(max-width: 900px) 100vw, 900px\" \/><\/p>\n<p>\u00a0<\/p>\n<p><img loading=\"lazy\" class=\"zoooom aligncenter wp-image-378\" src=\"http:\/\/ars-ej.pl\/wp-content\/uploads\/2020\/05\/misa33-1.png\" alt=\"\" width=\"595\" height=\"422\" srcset=\"https:\/\/ars-ej.pl\/wp-content\/uploads\/2020\/05\/misa33-1.png 900w, https:\/\/ars-ej.pl\/wp-content\/uploads\/2020\/05\/misa33-1-300x213.png 300w, https:\/\/ars-ej.pl\/wp-content\/uploads\/2020\/05\/misa33-1-768x545.png 768w\" sizes=\"(max-width: 595px) 100vw, 595px\" \/><\/p>\n<p>\u00a0<\/p>\n<p>Ciep\u0142y w wyrazie symbol pary, mi\u0142o\u015bci, opieki &#8230;<\/p>\n<p>drewno: olcha + bejca<\/p>\n<p>\u00a0<\/p>\n<p><img loading=\"lazy\" class=\"zoooom aligncenter wp-image-430 size-full\" src=\"http:\/\/ars-ej.pl\/wp-content\/uploads\/2021\/04\/para2.png\" alt=\"\" width=\"1471\" height=\"2048\" srcset=\"https:\/\/ars-ej.pl\/wp-content\/uploads\/2021\/04\/para2.png 1471w, https:\/\/ars-ej.pl\/wp-content\/uploads\/2021\/04\/para2-215x300.png 215w, https:\/\/ars-ej.pl\/wp-content\/uploads\/2021\/04\/para2-736x1024.png 736w, https:\/\/ars-ej.pl\/wp-content\/uploads\/2021\/04\/para2-768x1069.png 768w, https:\/\/ars-ej.pl\/wp-content\/uploads\/2021\/04\/para2-1103x1536.png 1103w\" sizes=\"(max-width: 1471px) 100vw, 1471px\" \/><\/p>\n\n\n<p class=\"zoooom\"><\/p>\n\n\n\n<p><\/p>\n\n\n\n<p><\/p>\n\n\n\n<div class=\"wp-container-1 wp-block-group\"><div class=\"wp-block-group__inner-container\">\n<p><\/p>\n\n\n\n<p><\/p>\n<\/div><\/div>\n\n\n\n<p><\/p>\n","protected":false},"excerpt":{"rendered":"<p>Na przestrzeni wiek\u00f3w \u017caden inny surowiec nie zyskiwa\u0142 tak wiele na znaczeniu jak drewno. Towarzyszy ono cz\u0142owiekowi od zawsze: puszcze dostarcza\u0142y opa\u0142u, surowca do wyrobu pierwszych przedmiot\u00f3w u\u017cytkowych, narz\u0119dzi, broni. By\u0142o te\u017c ono jednym z pierwszych materia\u0142\u00f3w, z kt\u00f3rych powstawa\u0142y dzie\u0142a prymitywnej, a potem coraz doskonalszej sztuki. Galanteria drewniana to przedmioty codziennego u\u017cytku, ale r\u00f3wnie\u017c &hellip;<\/p>\n<p class=\"read-more\"> <a class=\"\" href=\"https:\/\/ars-ej.pl\/index.php\/galanteria-drewniana\/\"> <span class=\"screen-reader-text\">Galanteria drewniana<\/span> Read More &raquo;<\/a><\/p>\n","protected":false},"author":1,"featured_media":278,"parent":0,"menu_order":0,"comment_status":"closed","ping_status":"closed","template":"","meta":{"site-sidebar-layout":"default","site-content-layout":"default","ast-global-header-display":"","ast-main-header-display":"","ast-hfb-above-header-display":"","ast-hfb-below-header-display":"","ast-hfb-mobile-header-display":"","site-post-title":"","ast-breadcrumbs-content":"","ast-featured-img":"","footer-sml-layout":"","theme-transparent-header-meta":"","adv-header-id-meta":"","stick-header-meta":"","header-above-stick-meta":"","header-main-stick-meta":"","header-below-stick-meta":""},"_links":{"self":[{"href":"https:\/\/ars-ej.pl\/index.php\/wp-json\/wp\/v2\/pages\/242"}],"collection":[{"href":"https:\/\/ars-ej.pl\/index.php\/wp-json\/wp\/v2\/pages"}],"about":[{"href":"https:\/\/ars-ej.pl\/index.php\/wp-json\/wp\/v2\/types\/page"}],"author":[{"embeddable":true,"href":"https:\/\/ars-ej.pl\/index.php\/wp-json\/wp\/v2\/users\/1"}],"replies":[{"embeddable":true,"href":"https:\/\/ars-ej.pl\/index.php\/wp-json\/wp\/v2\/comments?post=242"}],"version-history":[{"count":51,"href":"https:\/\/ars-ej.pl\/index.php\/wp-json\/wp\/v2\/pages\/242\/revisions"}],"predecessor-version":[{"id":432,"href":"https:\/\/ars-ej.pl\/index.php\/wp-json\/wp\/v2\/pages\/242\/revisions\/432"}],"wp:featuredmedia":[{"embeddable":true,"href":"https:\/\/ars-ej.pl\/index.php\/wp-json\/wp\/v2\/media\/278"}],"wp:attachment":[{"href":"https:\/\/ars-ej.pl\/index.php\/wp-json\/wp\/v2\/media?parent=242"}],"curies":[{"name":"wp","href":"https:\/\/api.w.org\/{rel}","templated":true}]}}